{"id":18,"date":"2023-06-20T13:47:39","date_gmt":"2023-06-20T16:47:39","guid":{"rendered":"https:\/\/usuaria.org.ar\/sistemas\/?page_id=18"},"modified":"2023-06-20T13:53:52","modified_gmt":"2023-06-20T16:53:52","slug":"registracion-eventos","status":"publish","type":"page","link":"https:\/\/usuaria.org.ar\/sistemas\/registracion-eventos\/","title":{"rendered":"Registraci\u00f3n"},"content":{"rendered":"    <div class=\"events-plus-2\">\n        <div class=\"events-list\">\n            \n                <div class=\"i8em\" style=\"border-right-color: #123456;\">\n                    <div class=\"col-lg-2 col-sm-3 col-xs-4 t7umb\">\n                        <a href=\"https:\/\/usuaria.org.ar\/sistemas\/registracion-eventos\/?action=evrplusegister&#038;event_id=134\"><img decoding=\"async\" src=\"https:\/\/usuaria.org.ar\/sistemas\/wp-content\/plugins\/wpeventplus\/assets\/images\/calendar-icon.png\" alt=\"Segurinfo Paraguay 2026 | PRESENCIAL\"><\/a>\n                                            <\/div>\n                    <div class=\"col-lg-10 col-sm-9 col-xs-8\">\n                        <h2 class=\"ti8le\"><a href=\"https:\/\/usuaria.org.ar\/sistemas\/registracion-eventos\/?action=evrplusegister&#038;event_id=134\" title=\"Segurinfo Paraguay 2026 | PRESENCIAL\">Segurinfo Paraguay 2026 | PRESENCIAL<\/a><\/h2>\n                        <div class=\"me8a\">\n                            <span> <i class=\"fa fa-calendar\" aria-hidden=\"true\"><\/i> 26 May 2026<\/span>\n                            <span> <i class=\"fa fa-clock-o\" aria-hidden=\"true\"><\/i> 09:00  &#8211; 18:00<\/span>\n                                                    <\/div>\n                        <p class=\"d3sc\">Con m\u00e1s de dos d\u00e9cadas de trayectoria, SEGURINFO Paraguay 2026 se consolida como el epicentro de la ciberseguridad en la regi\u00f3n. Desde el a\u00f1o 2005,&#8230;<\/p>\n\n                                            <\/div>\n                    <div class=\"clearfix\"><\/div>\n                <\/div>\n                    <\/div>\n    <\/div>\n    \n","protected":false},"excerpt":{"rendered":"<p>Segurinfo Paraguay 2026 | PRESENCIAL 26 May 2026 09:00 &#8211; 18:00 Con m\u00e1s de dos d\u00e9cadas de trayectoria, SEGURINFO Paraguay 2026 se consolida como el epicentro de la ciberseguridad en la regi\u00f3n. Desde el a\u00f1o 2005,&#8230;<\/p>\n","protected":false},"author":1,"featured_media":0,"parent":0,"menu_order":0,"comment_status":"closed","ping_status":"closed","template":"blank","meta":{"footnotes":""},"class_list":["post-18","page","type-page","status-publish","hentry"],"_links":{"self":[{"href":"https:\/\/usuaria.org.ar\/sistemas\/wp-json\/wp\/v2\/pages\/18","targetHints":{"allow":["GET"]}}],"collection":[{"href":"https:\/\/usuaria.org.ar\/sistemas\/wp-json\/wp\/v2\/pages"}],"about":[{"href":"https:\/\/usuaria.org.ar\/sistemas\/wp-json\/wp\/v2\/types\/page"}],"author":[{"embeddable":true,"href":"https:\/\/usuaria.org.ar\/sistemas\/wp-json\/wp\/v2\/users\/1"}],"replies":[{"embeddable":true,"href":"https:\/\/usuaria.org.ar\/sistemas\/wp-json\/wp\/v2\/comments?post=18"}],"version-history":[{"count":1,"href":"https:\/\/usuaria.org.ar\/sistemas\/wp-json\/wp\/v2\/pages\/18\/revisions"}],"predecessor-version":[{"id":19,"href":"https:\/\/usuaria.org.ar\/sistemas\/wp-json\/wp\/v2\/pages\/18\/revisions\/19"}],"wp:attachment":[{"href":"https:\/\/usuaria.org.ar\/sistemas\/wp-json\/wp\/v2\/media?parent=18"}],"curies":[{"name":"wp","href":"https:\/\/api.w.org\/{rel}","templated":true}]}}